{"id":139,"date":"2018-01-15T16:51:16","date_gmt":"2018-01-15T15:51:16","guid":{"rendered":"https:\/\/test.pvcoss.ch\/?page_id=139"},"modified":"2021-05-24T09:52:26","modified_gmt":"2021-05-24T07:52:26","slug":"accompagnateurs-et-organisateurs","status":"publish","type":"page","link":"https:\/\/test.pvcoss.ch\/index.php\/accompagnateurs-et-organisateurs\/","title":{"rendered":"Accompagnants"},"content":{"rendered":"\n<h2 class=\"wp-block-heading\">Nous avons un grand besoin d&rsquo;accompagnants.<\/h2>\n\n\n\n<p>Le Passeport Vacances ne peut fonctionner sans b\u00e9n\u00e9voles pour accompagner les enfants durant les activit\u00e9s au risque de devoir les annuler. Sans votre aide, nous ne pourrions pas non plus organiser le transport des enfants.<\/p>\n\n\n\n<p>Vous souhaitez d\u00e9couvrir le Passeport Vacances avec votre enfant ou vous avez simplement du temps? Vous n&rsquo;avez pas beaucoup de temps mais \u00eates pr\u00eat \u00e0 v\u00e9hiculer un groupe d&rsquo;enfant sur le lieu de l&rsquo;activit\u00e9 ?<\/p>\n\n\n\n<h2 class=\"wp-block-heading\">Comment devenir accompagnant ?<\/h2>\n\n\n\n<p id=\"block-1d7d8d56-34de-42f0-bc07-d30ac3f0d91e\">Inscrivez vos jours de disponibilit\u00e9s sur le <a href=\"https:\/\/test.pvcoss.ch\/wp-content\/uploads\/2021\/05\/bulletin_acc.pdf\">bulletin d\u2019inscription adulte<\/a> et envoyez-le avant mi septembre par mail \u00e0 : <a href=\"mailto:secretariat@pvcoss.ch\">secretariat@pvcoss.ch<\/a> (ou par courrier : Passeport Vacances \u00ab R\u00e9gion Cossonay \u00bb CP 30 \u2013 1305 Penthalaz)<\/p>\n\n\n\n<p id=\"block-c8d8f519-b589-48bf-b8c8-0875975602cc\">Fin septembre, vous recevrez un courrier avec \u00ab\u00a0votre passeport\u00a0\u00bb ainsi que votre r\u00f4le. Nous vous remercions chaleureusement de votre participation.<\/p>\n\n\n\n<div class=\"wp-block-pb-accordion-item c-accordion__item js-accordion-item no-js\" data-initially-open=\"false\" data-click-to-close=\"true\" data-auto-close=\"true\" data-scroll=\"false\" data-scroll-offset=\"0\"><h2 id=\"at-1390\" class=\"c-accordion__title js-accordion-controller\" role=\"button\">Que dois-je faire si je suis un accompagnant responsable?<\/h2><div id=\"ac-1390\" class=\"c-accordion__content\">\n<ul id=\"block-552baebc-8584-4f0c-8f94-05bafde2470e\"><li>la veille, consulter la liste des enfants \u00e0 jour sur le site du Passeport Vacances \u00e0 l&rsquo;aide de votre code d&rsquo;acc\u00e8s<\/li><li>allumer votre natel avant le d\u00e9part afin que notre permanence puisse vous contacter<\/li><li>aller au lieu de rendez-vous avec votre v\u00e9hicule (sauf pour les trajets en train)<\/li><li>conduire les enfants au lieu de l&rsquo;activit\u00e9<\/li><li>v\u00e9rifier le nombre d&rsquo;enfants au d\u00e9part et \u00e0 l&rsquo;arriv\u00e9e<\/li><li>accompagner les enfants durant l&rsquo;activit\u00e9<\/li><li>ramener les enfants au lieu de rendez-vous<\/li><li>rester avec les enfants sur le lieu du retour jusqu&rsquo;\u00e0 ce qu&rsquo;ils soient pris en charge par leurs parents ou qu&rsquo;ils rentrent seuls (max 1\/4 d&rsquo;heure apr\u00e8s le retour, ensuite les enfants ne sont plus sous la responsabilit\u00e9 du Passeport Vacances).<\/li><\/ul>\n<\/div><\/div>\n\n\n\n<div class=\"wp-block-pb-accordion-item c-accordion__item js-accordion-item no-js\" data-initially-open=\"false\" data-click-to-close=\"true\" data-auto-close=\"true\" data-scroll=\"false\" data-scroll-offset=\"0\"><h2 id=\"at-1391\" class=\"c-accordion__title js-accordion-controller\" role=\"button\">Que dois-je faire si je suis un accompagnant?<\/h2><div id=\"ac-1391\" class=\"c-accordion__content\">\n<ul id=\"block-b977cf8c-fb80-4fc5-ab38-7f4e3d05ab74\"><li>allumer votre natel avant le d\u00e9part afin que notre permanence puisse vous contacter.<\/li><li>aller au lieu de rendez-vous avec votre v\u00e9hicule (sauf pour les trajets en train)<\/li><li>accompagner les enfants durant l&rsquo;activit\u00e9<\/li><li>ramener les enfants au lieu de rendez-vous.<\/li><\/ul>\n<\/div><\/div>\n\n\n\n<div class=\"wp-block-pb-accordion-item c-accordion__item js-accordion-item no-js\" data-initially-open=\"false\" data-click-to-close=\"true\" data-auto-close=\"true\" data-scroll=\"false\" data-scroll-offset=\"0\"><h2 id=\"at-1392\" class=\"c-accordion__title js-accordion-controller\" role=\"button\">Que dois-je faire si je suis un chauffeur?<\/h2><div id=\"ac-1392\" class=\"c-accordion__content\">\n<ul id=\"block-0409ddcb-3b7e-45ef-8579-bbf4305cfc2b\"><li>allumer votre natel avant le d\u00e9part afin que notre permanence puisse vous contacter<\/li><li>aller au lieu de rendez-vous avec votre v\u00e9hicule<\/li><li>v\u00e9hiculer les enfants sur le lieu de l&rsquo;activit\u00e9 (en principe vous ne restez pas avec le groupe pendant l&rsquo;activit\u00e9)<\/li><li>ramener les enfants au lieu de rendez-vous.<\/li><\/ul>\n<\/div><\/div>\n\n\n\n<p><\/p>\n\n\n<p><strong data-rich-text-format-boundary=\"true\">Si vous \u00eates d\u00e9j\u00e0 accompagnant :\u00a0 \u00a0 \u00a0 \u00a0 \u00a0 \u00a0 \u00a0 \u00a0 \u00a0 \u00a0 \u00a0 \u00a0 \u00a0 \u00a0 \u00a0 \u00a0 \u00a0 \u00a0 \u00a0 \u00a0 \u00a0 \u00a0 \u00a0 \u00a0 \u00a0 \u00a0 \u00a0 \u00a0 \u00a0 \u00a0 \u00a0 \u00a0 \u00a0 \u00a0 \u00a0 \u00a0 \u00a0 \u00a0 \u00a0 \u00a0 <\/strong>Gr\u00e2ce au lien ci-dessous, vous pouvez consulter la liste des enfants participant \u00e0 l&rsquo;activit\u00e9 que vous accompagnez (votre code d&rsquo;acc\u00e8s figure sur le courrier que vous recevez d\u00e9but octobre).<br data-rich-text-line-break=\"true\" \/>En cliquant sur le titre de l&rsquo;activit\u00e9, vous aurez la liste des enfants mise \u00e0 jour.<\/p>\n\n\n<p id=\"block-1da40c14-aef4-465d-af38-cab07ca65f1c\"><a href=\"https:\/\/pv.farfadet.ch\/cossonay\/indexaccomp.asp\"><strong>Acc\u00e8s site accompagnants<\/strong><\/a><\/p>\n\n\n\n<p><\/p>\n","protected":false},"excerpt":{"rendered":"<p>Nous avons un grand besoin d&rsquo;accompagnants. Le Passeport Vacances ne peut fonctionner sans b\u00e9n\u00e9voles pour accompagner les enfants durant les activit\u00e9s au risque de devoir les annuler. Sans votre aide, nous ne pourrions pas non plus organiser le transport des &hellip; <a href=\"https:\/\/test.pvcoss.ch\/index.php\/accompagnateurs-et-organisateurs\/\">Continuer la lecture <span class=\"meta-nav\">&rarr;<\/span><\/a><\/p>\n","protected":false},"author":2,"featured_media":0,"parent":0,"menu_order":0,"comment_status":"closed","ping_status":"closed","template":"","meta":[],"_links":{"self":[{"href":"https:\/\/test.pvcoss.ch\/index.php\/wp-json\/wp\/v2\/pages\/139"}],"collection":[{"href":"https:\/\/test.pvcoss.ch\/index.php\/wp-json\/wp\/v2\/pages"}],"about":[{"href":"https:\/\/test.pvcoss.ch\/index.php\/wp-json\/wp\/v2\/types\/page"}],"author":[{"embeddable":true,"href":"https:\/\/test.pvcoss.ch\/index.php\/wp-json\/wp\/v2\/users\/2"}],"replies":[{"embeddable":true,"href":"https:\/\/test.pvcoss.ch\/index.php\/wp-json\/wp\/v2\/comments?post=139"}],"version-history":[{"count":51,"href":"https:\/\/test.pvcoss.ch\/index.php\/wp-json\/wp\/v2\/pages\/139\/revisions"}],"predecessor-version":[{"id":1117,"href":"https:\/\/test.pvcoss.ch\/index.php\/wp-json\/wp\/v2\/pages\/139\/revisions\/1117"}],"wp:attachment":[{"href":"https:\/\/test.pvcoss.ch\/index.php\/wp-json\/wp\/v2\/media?parent=139"}],"curies":[{"name":"wp","href":"https:\/\/api.w.org\/{rel}","templated":true}]}}