{"id":158,"date":"2018-01-15T17:32:45","date_gmt":"2018-01-15T16:32:45","guid":{"rendered":"https:\/\/test.pvcoss.ch\/?page_id=158"},"modified":"2021-05-24T10:06:22","modified_gmt":"2021-05-24T08:06:22","slug":"organisateurs","status":"publish","type":"page","link":"https:\/\/test.pvcoss.ch\/index.php\/organisateurs\/","title":{"rendered":"Organisateurs"},"content":{"rendered":"\n<p class=\"has-text-align-left\"><strong>Vous \u00eates d\u00e9j\u00e0 organisateur d&rsquo;une activit\u00e9 ? :<\/strong><br>Vers la fin du mois de septembre, nous vous enverrons un courrier avec votre code d&rsquo;acc\u00e8s. D\u00e8s qu&rsquo;il sera en votre possession, vous pourrez aller sur notre site pour consulter la liste \u00e0 jour des enfants participant \u00e0 votre activit\u00e9.<br><a href=\"https:\/\/pv.farfadet.ch\/cossonay\/loginorgan.asp\">Acc\u00e8s site organisateurs<\/a><\/p>\n\n\n\n<p><strong>Vous souhaitez proposer une activit\u00e9 aux enfants ? :<\/strong><br>Nous sommes toujours \u00e0 la recherche de nouvelles activit\u00e9s \u00e0 offrir aux enfants. Aussi n&rsquo;h\u00e9sitez pas \u00e0 faire partager votre savoir-faire et votre passion aupr\u00e8s des enfants si :<\/p>\n\n\n\n<ul><li>Vous exercez une profession rare, ancienne, originale<\/li><li>Vous poss\u00e9dez une collection particuli\u00e8re<\/li><li>Vous perp\u00e9tuez une tradition ancestrale<\/li><li>Vous d\u00e9tenez un formidable savoir-faire dans le domaine du bricolage, de la cuisine<\/li><li>Vous \u00eates passionn\u00e9(e) par le monde animal<\/li><li>Vous pratiquez un sport m\u00e9connu<\/li><\/ul>\n\n\n\n<p>Vous pouvez nous proposer une activit\u00e9 en envoyant un mail \u00e0 \u00ab\u00a0<a href=\"mailto:questions@pvcoss.ch\">questions@pvcoss.ch<\/a>\u00a0\u00bb et nous vous contacterons.<\/p>\n","protected":false},"excerpt":{"rendered":"<p>Vous \u00eates d\u00e9j\u00e0 organisateur d&rsquo;une activit\u00e9 ? :Vers la fin du mois de septembre, nous vous enverrons un courrier avec votre code d&rsquo;acc\u00e8s. D\u00e8s qu&rsquo;il sera en votre possession, vous pourrez aller sur notre site pour consulter la liste \u00e0 &hellip; <a href=\"https:\/\/test.pvcoss.ch\/index.php\/organisateurs\/\">Continuer la lecture <span class=\"meta-nav\">&rarr;<\/span><\/a><\/p>\n","protected":false},"author":2,"featured_media":0,"parent":0,"menu_order":0,"comment_status":"closed","ping_status":"closed","template":"","meta":[],"_links":{"self":[{"href":"https:\/\/test.pvcoss.ch\/index.php\/wp-json\/wp\/v2\/pages\/158"}],"collection":[{"href":"https:\/\/test.pvcoss.ch\/index.php\/wp-json\/wp\/v2\/pages"}],"about":[{"href":"https:\/\/test.pvcoss.ch\/index.php\/wp-json\/wp\/v2\/types\/page"}],"author":[{"embeddable":true,"href":"https:\/\/test.pvcoss.ch\/index.php\/wp-json\/wp\/v2\/users\/2"}],"replies":[{"embeddable":true,"href":"https:\/\/test.pvcoss.ch\/index.php\/wp-json\/wp\/v2\/comments?post=158"}],"version-history":[{"count":15,"href":"https:\/\/test.pvcoss.ch\/index.php\/wp-json\/wp\/v2\/pages\/158\/revisions"}],"predecessor-version":[{"id":1127,"href":"https:\/\/test.pvcoss.ch\/index.php\/wp-json\/wp\/v2\/pages\/158\/revisions\/1127"}],"wp:attachment":[{"href":"https:\/\/test.pvcoss.ch\/index.php\/wp-json\/wp\/v2\/media?parent=158"}],"curies":[{"name":"wp","href":"https:\/\/api.w.org\/{rel}","templated":true}]}}