{"id":86,"date":"2018-01-14T16:10:43","date_gmt":"2018-01-14T15:10:43","guid":{"rendered":"https:\/\/test.pvcoss.ch\/?page_id=86"},"modified":"2021-05-24T09:47:52","modified_gmt":"2021-05-24T07:47:52","slug":"a-propos","status":"publish","type":"page","link":"https:\/\/test.pvcoss.ch\/index.php\/a-propos\/","title":{"rendered":"A propos"},"content":{"rendered":"\n<p>Vous souhaitez mieux conna\u00eetre le Passeport Vacances de Cossonay ?                      N&rsquo;h\u00e9sitez pas \u00e0 nous contacter!<\/p>\n\n\n\n<h2 class=\"wp-block-heading\"><strong>Pour des questions relatives<\/strong><\/h2>\n\n\n\n<ul><li>au Passeport Vacances en g\u00e9n\u00e9ral ou aux activit\u00e9s : <a href=\"mailto:questions@pvcoss.ch\">questions@pvcoss.ch<\/a><\/li><li>au secr\u00e9tariat : <a href=\"mailto:secretariat@pvcoss.ch\">secretariat@pvcoss.ch<\/a><\/li><li>\u00e0 ce site Web : <a href=\"mailto:webmaster@pvcoss.ch\">webmaster@pvcoss.ch<\/a><\/li><li><strong>Adresse postale:<\/strong> Passeport Vacances r\u00e9gion Cossonay, CP 30, 1305 Penthalaz<\/li><\/ul>\n\n\n\n<h2 class=\"wp-block-heading\">Notre \u00e9quipe de b\u00e9n\u00e9voles :<\/h2>\n\n\n\n<ul><li>Pr\u00e9sidente : Prol Marie Claire<\/li><li>Resp. Finances : Zahnd Brigitte<\/li><li>Secr\u00e9taire : Guignard Marilyn<\/li><li>Baudat St\u00e9phanie<\/li><li>Chappelier Sophie<\/li><li>Simon Agn\u00e8s<\/li><li>Sordet Jessica<\/li><\/ul>\n\n\n\n<p><\/p>\n\n\n\n<div class=\"wp-block-pb-accordion-item c-accordion__item js-accordion-item no-js\" data-initially-open=\"false\" data-click-to-close=\"true\" data-auto-close=\"true\" data-scroll=\"false\" data-scroll-offset=\"0\"><h2 id=\"at-860\" class=\"c-accordion__title js-accordion-controller\" role=\"button\">Un grand merci aux communes participantes pour leur don! <br\/>Un clic pour voir la liste.<\/h2><div id=\"ac-860\" class=\"c-accordion__content\">\n<ul><li>Allens<\/li><li>Chavannes-Veyron<\/li><li>Chevilly<\/li><li>Cossonay-Ville<\/li><li>Cottens<\/li><li>Cuarnens<\/li><li>Daillens<\/li><li>Dizy<\/li><li>Ecl\u00e9pens<\/li><li>Ferreyres<\/li><li>Gollion<\/li><li>Grancy<\/li><li>L\u2019Isle<\/li><li>La Chaux-Cossonay<\/li><li>La Praz<\/li><li>La Sarraz<\/li><li>Lussery-Villars<\/li><li>Mex<\/li><li>Moiry<\/li><li>Mont-la-Ville<\/li><li>Orny<\/li><li>Penthalaz<\/li><li>Penthaz<\/li><li>Pompaples<\/li><li>Senarclens<\/li><li>Villars-Bozon<\/li><li>Vufflens-la-Ville<\/li><\/ul>\n<\/div><\/div>\n\n\n\n<p><strong>Nos statuts sont accessibles en ligne: <strong><a href=\"https:\/\/test.pvcoss.ch\/wp-content\/uploads\/2018\/02\/statut_pvcoss.pdf\">statut_pvcoss<\/a><\/strong><\/strong><\/p>\n\n\n\n<p><\/p>\n","protected":false},"excerpt":{"rendered":"<p>Vous souhaitez mieux conna\u00eetre le Passeport Vacances de Cossonay ? N&rsquo;h\u00e9sitez pas \u00e0 nous contacter! Pour des questions relatives au Passeport Vacances en g\u00e9n\u00e9ral ou aux activit\u00e9s : questions@pvcoss.ch au secr\u00e9tariat : secretariat@pvcoss.ch \u00e0 ce site Web : webmaster@pvcoss.ch Adresse &hellip; <a href=\"https:\/\/test.pvcoss.ch\/index.php\/a-propos\/\">Continuer la lecture <span class=\"meta-nav\">&rarr;<\/span><\/a><\/p>\n","protected":false},"author":2,"featured_media":0,"parent":0,"menu_order":0,"comment_status":"closed","ping_status":"closed","template":"","meta":[],"_links":{"self":[{"href":"https:\/\/test.pvcoss.ch\/index.php\/wp-json\/wp\/v2\/pages\/86"}],"collection":[{"href":"https:\/\/test.pvcoss.ch\/index.php\/wp-json\/wp\/v2\/pages"}],"about":[{"href":"https:\/\/test.pvcoss.ch\/index.php\/wp-json\/wp\/v2\/types\/page"}],"author":[{"embeddable":true,"href":"https:\/\/test.pvcoss.ch\/index.php\/wp-json\/wp\/v2\/users\/2"}],"replies":[{"embeddable":true,"href":"https:\/\/test.pvcoss.ch\/index.php\/wp-json\/wp\/v2\/comments?post=86"}],"version-history":[{"count":16,"href":"https:\/\/test.pvcoss.ch\/index.php\/wp-json\/wp\/v2\/pages\/86\/revisions"}],"predecessor-version":[{"id":1113,"href":"https:\/\/test.pvcoss.ch\/index.php\/wp-json\/wp\/v2\/pages\/86\/revisions\/1113"}],"wp:attachment":[{"href":"https:\/\/test.pvcoss.ch\/index.php\/wp-json\/wp\/v2\/media?parent=86"}],"curies":[{"name":"wp","href":"https:\/\/api.w.org\/{rel}","templated":true}]}}