{"id":888,"date":"2021-05-07T16:01:24","date_gmt":"2021-05-07T14:01:24","guid":{"rendered":"https:\/\/test.pvcoss.ch\/?page_id=888"},"modified":"2021-05-24T10:08:42","modified_gmt":"2021-05-24T08:08:42","slug":"pendant-la-semaine-du-pvcoss","status":"publish","type":"page","link":"https:\/\/test.pvcoss.ch\/index.php\/pendant-la-semaine-du-pvcoss\/","title":{"rendered":"Pendant la semaine du PVCoss"},"content":{"rendered":"\n<p>\u00c7a y est,<strong><a rel=\"noreferrer noopener\" href=\"https:\/\/pv.farfadet.ch\/cossonay\/indexenfant.asp\" target=\"_blank\"> <\/a><\/strong>les activit\u00e9s attribu\u00e9es par notre logiciel peuvent \u00eatre consult\u00e9es gr\u00e2ce au lien:<\/p>\n\n\n\n<p><a href=\"https:\/\/pv.farfadet.ch\/cossonay\/indexenfant.asp\" data-type=\"URL\" data-id=\"https:\/\/pv.farfadet.ch\/cossonay\/indexenfant.asp\" target=\"_blank\" rel=\"noreferrer noopener\"><strong>Mes activit\u00e9s<\/strong><\/a><\/p>\n\n\n\n<p><strong>Permanence t\u00e9l\u00e9phonique : 076\/814.61.28<\/strong><br>Notre permanence t\u00e9l\u00e9phonique est ouverte une semaine avant le Passeport et pendant la semaine de 7h30 \u00e0 18h.<\/p>\n\n\n\n<p><strong>Concernant les activit\u00e9s qui ont le logo \u00ab&nbsp;m\u00e9t\u00e9o&nbsp;\u00bb :<br><\/strong>Celles ci peuvent \u00eatre annul\u00e9es pour cause de m\u00e9t\u00e9o d\u00e9favorable. Tu trouveras l\u2019information ci-dessous d\u00e8s 7h30 le matin m\u00eame ou en t\u00e9l\u00e9phonant \u00e0 notre permanence t\u00e9l\u00e9phonique si tu n\u2019as vraiment pas la possibilit\u00e9 de consulter notre site web<em>.<\/em><br>Les activit\u00e9s qui n\u2019ont pas le logo \u00ab&nbsp;m\u00e9t\u00e9o&nbsp;\u00bb ont lieu par tous les temps!<\/p>\n\n\n\n<p>Activit\u00e9(s) annul\u00e9e(s) : <br>(pas d&rsquo;activit\u00e9s annul\u00e9es \u00e0 ce jour)<\/p>\n\n\n\n<p><strong>Des questions ?<\/strong><br>Tu peux consulter notre <a href=\"https:\/\/test.pvcoss.ch\/index.php\/f-a-q\/\" data-type=\"page\" data-id=\"1003\">Foire aux question (F.A.Q.)<\/a><\/p>\n","protected":false},"excerpt":{"rendered":"<p>\u00c7a y est, les activit\u00e9s attribu\u00e9es par notre logiciel peuvent \u00eatre consult\u00e9es gr\u00e2ce au lien: Mes activit\u00e9s Permanence t\u00e9l\u00e9phonique : 076\/814.61.28Notre permanence t\u00e9l\u00e9phonique est ouverte une semaine avant le Passeport et pendant la semaine de 7h30 \u00e0 18h. Concernant les &hellip; <a href=\"https:\/\/test.pvcoss.ch\/index.php\/pendant-la-semaine-du-pvcoss\/\">Continuer la lecture <span class=\"meta-nav\">&rarr;<\/span><\/a><\/p>\n","protected":false},"author":2,"featured_media":0,"parent":0,"menu_order":0,"comment_status":"closed","ping_status":"closed","template":"","meta":[],"_links":{"self":[{"href":"https:\/\/test.pvcoss.ch\/index.php\/wp-json\/wp\/v2\/pages\/888"}],"collection":[{"href":"https:\/\/test.pvcoss.ch\/index.php\/wp-json\/wp\/v2\/pages"}],"about":[{"href":"https:\/\/test.pvcoss.ch\/index.php\/wp-json\/wp\/v2\/types\/page"}],"author":[{"embeddable":true,"href":"https:\/\/test.pvcoss.ch\/index.php\/wp-json\/wp\/v2\/users\/2"}],"replies":[{"embeddable":true,"href":"https:\/\/test.pvcoss.ch\/index.php\/wp-json\/wp\/v2\/comments?post=888"}],"version-history":[{"count":18,"href":"https:\/\/test.pvcoss.ch\/index.php\/wp-json\/wp\/v2\/pages\/888\/revisions"}],"predecessor-version":[{"id":1129,"href":"https:\/\/test.pvcoss.ch\/index.php\/wp-json\/wp\/v2\/pages\/888\/revisions\/1129"}],"wp:attachment":[{"href":"https:\/\/test.pvcoss.ch\/index.php\/wp-json\/wp\/v2\/media?parent=888"}],"curies":[{"name":"wp","href":"https:\/\/api.w.org\/{rel}","templated":true}]}}