{"id":978,"date":"2021-05-16T16:46:50","date_gmt":"2021-05-16T14:46:50","guid":{"rendered":"https:\/\/test.pvcoss.ch\/?page_id=978"},"modified":"2021-05-25T10:27:20","modified_gmt":"2021-05-25T08:27:20","slug":"achat-du-passeport","status":"publish","type":"page","link":"https:\/\/test.pvcoss.ch\/index.php\/achat-du-passeport\/","title":{"rendered":"Achat du passeport"},"content":{"rendered":"\n<p id=\"block-22716ce6-7a15-4fba-a9e2-538da28df7e7\">Les activit\u00e9s du Passeport Vacances vous int\u00e9ressent? Vous avez deux possibilit\u00e9s pour acheter le s\u00e9same qui permettra d&rsquo;y avoir acc\u00e8s:<\/p>\n\n\n\n<div class=\"wp-block-pb-accordion-item c-accordion__item js-accordion-item no-js\" data-initially-open=\"false\" data-click-to-close=\"true\" data-auto-close=\"true\" data-scroll=\"false\" data-scroll-offset=\"0\"><h2 id=\"at-9780\" class=\"c-accordion__title js-accordion-controller\" role=\"button\">Achat par Ebanking du 28\/08\/21 au 08\/09\/21<br\/><\/h2><div id=\"ac-9780\" class=\"c-accordion__content\">\n<ul id=\"block-07f9903e-eae5-48d3-b0ff-48942e7ab8c6\"><li><strong>Prix:<\/strong> 25CHF par enfant pour la semaine, 3\u00e8me enfant de la m\u00eame famille gratuit.<\/li><li>Faire <strong>un versement global<\/strong> par famille<\/li><li>Indiquer lors du versement: nom de famille, pr\u00e9noms de tous les enfants concern\u00e9s et <strong>votre num\u00e9ro de portable<\/strong><\/li><li><strong>Compte 10-16829-3<\/strong> ou <strong>IBAN CH63 0900 0000 1001 6829 3<\/strong> au nom du Passeport Vacances Cossonay, Case Postale 30, 1305 Penthalaz<br><\/li><li>Dans les 3 jours, vous recevrez par SMS les codes d\u2019acc\u00e8s pour l\u2019inscription sur le site. Si vous n&rsquo;avez rien re\u00e7u dans les 4 jours, veuillez envoyer un SMS au n\u00b0 <strong>076\/814.61.28<\/strong><\/li><\/ul>\n\n\n\n<p><\/p>\n<\/div><\/div>\n\n\n\n<div class=\"wp-block-pb-accordion-item c-accordion__item js-accordion-item no-js\" data-initially-open=\"false\" data-click-to-close=\"true\" data-auto-close=\"true\" data-scroll=\"false\" data-scroll-offset=\"0\"><h2 id=\"at-9781\" class=\"c-accordion__title js-accordion-controller\" role=\"button\">Ventes physiques le 1er et 4 septembre 2021<\/h2><div id=\"ac-9781\" class=\"c-accordion__content\">\n<ul id=\"block-c7dda12e-35c7-48f8-988e-0c923b933c55\"><li>A L\u2019Isle, le mercredi 1er septembre de 14h00 \u00e0 15h, devant le kiosque.<\/li><li>A Cossonay, le samedi 4 septembre de 10h00 \u00e0 11h30, place du Temple (sous les arcades.                           <\/li><\/ul>\n\n\n\n<p>Vous recevrez les codes d\u2019acc\u00e8s pour l\u2019inscription sur notre site. Pour des raisons de co\u00fbt, nous n&rsquo;imprimons plus de brochure.<\/p>\n<\/div><\/div>\n\n\n\n<p id=\"block-236a7b65-65c6-4052-9762-3e612d791456\">N&rsquo;oubliez pas de<strong><u> valider l&rsquo;inscription avant le vendredi 10 septembre 2021<\/u><\/strong> et d&rsquo;inscrire vos enfants aux activit\u00e9s apr\u00e8s avoir lu les consignes: <a href=\"https:\/\/test.pvcoss.ch\/index.php\/inscription-aux-activites-2\/\"><strong>\u00ab\u00a0comment m&rsquo;inscrire aux activit\u00e9s\u00a0\u00bb<\/strong><\/a>.<\/p>\n","protected":false},"excerpt":{"rendered":"<p>Les activit\u00e9s du Passeport Vacances vous int\u00e9ressent? Vous avez deux possibilit\u00e9s pour acheter le s\u00e9same qui permettra d&rsquo;y avoir acc\u00e8s: N&rsquo;oubliez pas de valider l&rsquo;inscription avant le vendredi 10 septembre 2021 et d&rsquo;inscrire vos enfants aux activit\u00e9s apr\u00e8s avoir lu &hellip; <a href=\"https:\/\/test.pvcoss.ch\/index.php\/achat-du-passeport\/\">Continuer la lecture <span class=\"meta-nav\">&rarr;<\/span><\/a><\/p>\n","protected":false},"author":2,"featured_media":0,"parent":0,"menu_order":0,"comment_status":"closed","ping_status":"closed","template":"","meta":[],"_links":{"self":[{"href":"https:\/\/test.pvcoss.ch\/index.php\/wp-json\/wp\/v2\/pages\/978"}],"collection":[{"href":"https:\/\/test.pvcoss.ch\/index.php\/wp-json\/wp\/v2\/pages"}],"about":[{"href":"https:\/\/test.pvcoss.ch\/index.php\/wp-json\/wp\/v2\/types\/page"}],"author":[{"embeddable":true,"href":"https:\/\/test.pvcoss.ch\/index.php\/wp-json\/wp\/v2\/users\/2"}],"replies":[{"embeddable":true,"href":"https:\/\/test.pvcoss.ch\/index.php\/wp-json\/wp\/v2\/comments?post=978"}],"version-history":[{"count":15,"href":"https:\/\/test.pvcoss.ch\/index.php\/wp-json\/wp\/v2\/pages\/978\/revisions"}],"predecessor-version":[{"id":1137,"href":"https:\/\/test.pvcoss.ch\/index.php\/wp-json\/wp\/v2\/pages\/978\/revisions\/1137"}],"wp:attachment":[{"href":"https:\/\/test.pvcoss.ch\/index.php\/wp-json\/wp\/v2\/media?parent=978"}],"curies":[{"name":"wp","href":"https:\/\/api.w.org\/{rel}","templated":true}]}}